{"id":4865,"date":"2025-02-25T08:16:10","date_gmt":"2025-02-25T08:16:10","guid":{"rendered":"https:\/\/xn--sba-ona.ee\/privaatsustingimused\/"},"modified":"2025-10-22T06:15:10","modified_gmt":"2025-10-22T06:15:10","slug":"privacy-policy","status":"publish","type":"page","link":"https:\/\/xn--sba-ona.ee\/en\/privacy-policy\/","title":{"rendered":"Privacy Policy"},"content":{"rendered":"<div class=\"fusion-fullwidth fullwidth-box fusion-builder-row-1 fusion-flex-container nonhundred-percent-fullwidth non-hundred-percent-height-scrolling\" style=\"--awb-border-radius-top-left:0px;--awb-border-radius-top-right:0px;--awb-border-radius-bottom-right:0px;--awb-border-radius-bottom-left:0px;--awb-flex-wrap:wrap;\" ><div class=\"fusion-builder-row fusion-row fusion-flex-align-items-flex-start fusion-flex-content-wrap\" style=\"max-width:1320.8px;margin-left: calc(-4% \/ 2 );margin-right: calc(-4% \/ 2 );\"><div class=\"fusion-layout-column fusion_builder_column fusion-builder-column-0 fusion_builder_column_1_1 1_1 fusion-flex-column\" style=\"--awb-bg-blend:overlay;--awb-bg-size:cover;--awb-width-large:100%;--awb-margin-top-large:0px;--awb-spacing-right-large:1.92%;--awb-margin-bottom-large:0px;--awb-spacing-left-large:1.92%;--awb-width-medium:100%;--awb-spacing-right-medium:1.92%;--awb-spacing-left-medium:1.92%;--awb-width-small:100%;--awb-spacing-right-small:1.92%;--awb-spacing-left-small:1.92%;\"><div class=\"fusion-column-wrapper fusion-flex-justify-content-flex-start fusion-content-layout-column\"><div class=\"fusion-text fusion-text-1\"><h2>Privaatsustingimused<\/h2>\n<p>Merepesa O\u00dc on vo\u0303tnud endale kohustuse kaitsta klientide privaatsust. Firma tegevus internetis on koosko\u0303las ko\u0303igi asjakohaste tegevuste ja vastavate Euroopa Liidu o\u0303igusaktide ja Eesti Vabariigi seadustega.<\/p>\n<h3 class=\"\" style=\"--fontsize: 36; line-height: 1.3;\" data-fontsize=\"36\" data-lineheight=\"46.8px\">Isikuandmete t\u00f6\u00f6tlemine<\/h3>\n<p>Veebilehe https:\/\/s\u00f5ba.ee isikuandmete vastutav t\u00f6\u00f6tleja on Merepesa O\u00dc.<\/p>\n<h3 class=\"\" style=\"--fontsize: 36; line-height: 1.3;\" data-fontsize=\"36\" data-lineheight=\"46.8px\">Milliseid isikuandmeid t\u00f6\u00f6deldakse<\/h3>\n<p>Merepesa O\u00dc veebileht t\u00f6\u00f6tleb j\u00e4rgnevaid isikuandmeid:<\/p>\n<ul>\n<li>nimi, telefoninumber ja e-posti aadress;<\/li>\n<li>kauba kohaletoimetamise aadress;<\/li>\n<li>pangakonto number;<\/li>\n<li>kaupade ja teenuste maksumus ja maksetega seotud andmed;<\/li>\n<li>klienditoe andmed.<\/li>\n<\/ul>\n<h3 class=\"\" style=\"--fontsize: 36; line-height: 1.3;\" data-fontsize=\"36\" data-lineheight=\"46.8px\">Mis eesm\u00e4rgil isikuandmeid t\u00f6\u00f6deldakse<\/h3>\n<p>Isikuandmeid kasutatakse kliendi tellimuste haldamiseks ja kauba kohaletoimetamiseks.<\/p>\n<p>Ostuajaloo andmeid (ostu kuup\u00e4ev, kaup, kogus, kliendi andmed) kasutatakse ostetud kaupade ja teenuste \u00fclevaate koostamiseks ning kliendieelistuste anal\u00fc\u00fcsimiseks.<\/p>\n<p>Pangakonto numbrit kasutatakse kliendile maksete tagastamiseks.<\/p>\n<p>Isikuandmeid nagu e-post, telefoni nr, kliendi nimi, t\u00f6\u00f6deldakse selleks, et lahendada kaupade ja teenuste osutamise seonduvaid k\u00fcsimusi (klienditugi).<\/p>\n<p>Veebilehe kasutaja IP-aadressi v\u00f5i teisi v\u00f5rguidentifikaatoreid t\u00f6\u00f6deldakse veebilehe kui info\u00fchiskonna teenuse osutamiseks ning veebikasutusstatistika tegemiseks.<\/p>\n<h3 class=\"\" style=\"--fontsize: 36; line-height: 1.3;\" data-fontsize=\"36\" data-lineheight=\"46.8px\">\u00d5iguslik alus<\/h3>\n<p>Isikuandmete t\u00f6\u00f6tlemine toimub kliendiga s\u00f5lmitud lepingu t\u00e4itmise eesm\u00e4rgil.<\/p>\n<p>Isikuandmete t\u00f6\u00f6tlemine toimub juriidilise kohustuse t\u00e4itmiseks (nt raamatupidamine ja tarbijavaidluste lahendamine).<\/p>\n<h3 class=\"\" style=\"--fontsize: 36; line-height: 1.3;\" data-fontsize=\"36\" data-lineheight=\"46.8px\">Vastuv\u00f5tjad, kellele isikuandmeid edastatakse<\/h3>\n<p>Isikuandmed edastatakse veebilehe klienditoele ostude ja ostuajaloo haldamiseks ja kliendiprobleemide lahendamiseks.<\/p>\n<p>Isikuandmeid v\u00f5idakse edastada infotehnoloogia teenuste pakkujatele, kui see on vajalik veebilehe funktsionaalsuse v\u00f5i andmemajutuse tagamiseks.<\/p>\n<h3 class=\"\" style=\"--fontsize: 36; line-height: 1.3;\" data-fontsize=\"36\" data-lineheight=\"46.8px\">Turvalisus ja andmetele ligip\u00e4\u00e4s<\/h3>\n<p>Isikuandmeid hoitakse Zone Media O\u00dc serverites, mis asuvad Euroopa Liidu liikmesriigi v\u00f5i Euroopa Liidu majanduspiirkonnaga liitunud riikide territooriumil. Andmeid v\u00f5idakse edastada riikidesse, mille andmekaitse taset on Euroopa Komisjon hinnanud piisavaks ning USA ettev\u00f5tetele, kes on liitunud andmekaitse kilbi (Privacy Shield) raamistikuga.<\/p>\n<p>Juurdep\u00e4\u00e4s isikuandmetele on veebilehe t\u00f6\u00f6tajatel, kes saavad isikuandmetega tutvuda selleks, et lahendada veebuilehe kasutamisega seonduvaid tehnilisi k\u00fcsimusi ning osutada klienditoe teenust.<\/p>\n<p>Veebipood rakendab asjakohaseid f\u00fc\u00fcsilisi, organisatsioonilisi ja infotehnilisi turvameetmeid, et kaitsta isikuandmeid juhusliku v\u00f5i ebaseadusliku h\u00e4vitamise, kaotsimineku, muutmise v\u00f5i loata juurdep\u00e4\u00e4su ja avalikustamise eest.<\/p>\n<p>Isikuandmete edastamine veebilehe volitatud t\u00f6\u00f6tlejatele (nt transporditeenuse pakkuja ja andmemajutus) toimub veebilehe ja volitatud t\u00f6\u00f6tlejatega s\u00f5lmitud lepingute alusel. Volitatud t\u00f6\u00f6tlejaid on kohustatud tagama isikuandmete t\u00f6\u00f6tlemisel asjakohased kaitsemeetmed.<\/p>\n<h3 class=\"\" style=\"--fontsize: 36; line-height: 1.3;\" data-fontsize=\"36\" data-lineheight=\"46.8px\">Isikuandmetega tutvumine ja parandamine<\/h3>\n<p>Isikuandmetega saab tutvuda ja teha parandusi veebilehe kasutajaprofiilis. Kui ost on sooritatud ilma kasutajakontota, siis saab tutvuda isikuandmetega klinditoe vahendusel.<\/p>\n<h3 class=\"\" style=\"--fontsize: 36; line-height: 1.3;\" data-fontsize=\"36\" data-lineheight=\"46.8px\">N\u00f5usoleku tagasiv\u00f5tmine<\/h3>\n<p>Kui isikundmete t\u00f6\u00f6tlemine toimub kliendi n\u00f5usoleku alusel, siis on kliendil \u00f5igus n\u00f5usolek tagasi v\u00f5tta teavitades sellest kliendituge e-posti teel.<\/p>\n<h3 class=\"\" style=\"--fontsize: 36; line-height: 1.3;\" data-fontsize=\"36\" data-lineheight=\"46.8px\">S\u00e4ilitamine<\/h3>\n<p>Veebilehe kliendikonto sulgemisel kustutatakse isikuandmed, va juhul kui selliseid andmeid on vaja s\u00e4ilitada raamatupidamise jaoks v\u00f5i tarbijavaidluste lahendamiseks.<\/p>\n<p>Kui veebilehe on ost sooritatud ilma kliendikontota, siis s\u00e4ilitatakse ostuajalugu kolm aastat.<\/p>\n<p>Maksetega ja tarbijavaidlustega seotud vaidluste korral s\u00e4ilitatakse isikuandmed kuni n\u00f5ude t\u00e4itmiseni v\u00f5i aegumist\u00e4htaja l\u00f5puni.<\/p>\n<p>Raamatupidamise jaoks vajalikud isikuandmed s\u00e4ilitatakse seitse aastat.<\/p>\n<h3 class=\"\" style=\"--fontsize: 36; line-height: 1.3;\" data-fontsize=\"36\" data-lineheight=\"46.8px\">Kustutamine<\/h3>\n<p>Isikuandmete kustutamiseks tuleb v\u00f5tta \u00fchendust klienditoega e-posti teel. Kustutamistaotlusele vastatakse mitte hiljem kui kuu aja jooksul ning t\u00e4psustakse andmete kustutamise perioodi.<\/p>\n<h3 class=\"\" style=\"--fontsize: 36; line-height: 1.3;\" data-fontsize=\"36\" data-lineheight=\"46.8px\">\u00dclekandmine<\/h3>\n<p>E-posti teel esitatud isikuandmete \u00fclekandmise taotlusele vastatakse hiljemalt kuu aja jooksul. Klienditugi tuvastab isikusamasuse ja teavitab isikuandmetest, mis kuuluvad \u00fclekandmisele.<\/p>\n<h3 class=\"\" style=\"--fontsize: 36; line-height: 1.3;\" data-fontsize=\"36\" data-lineheight=\"46.8px\">Vaidluste lahendamine<\/h3>\n<p>Isikuandmete t\u00f6\u00f6tlemisega seotud vaidluste lahendamine toimub klienditoe vahendusel e-posti teel mairi.kaseorg@gmail.com J\u00e4relevalveasutus on Eesti Andmekaitse Inspektsioon (info@aki.ee).<\/p>\n<\/div><\/div><\/div><\/div><\/div><!-- \/wp:post-content -->","protected":false},"excerpt":{"rendered":"","protected":false},"author":1,"featured_media":0,"parent":0,"menu_order":0,"comment_status":"closed","ping_status":"closed","template":"","meta":{"_acf_changed":false,"footnotes":""},"class_list":["post-4865","page","type-page","status-publish","hentry"],"acf":[],"_links":{"self":[{"href":"https:\/\/xn--sba-ona.ee\/en\/wp-json\/wp\/v2\/pages\/4865","targetHints":{"allow":["GET"]}}],"collection":[{"href":"https:\/\/xn--sba-ona.ee\/en\/wp-json\/wp\/v2\/pages"}],"about":[{"href":"https:\/\/xn--sba-ona.ee\/en\/wp-json\/wp\/v2\/types\/page"}],"author":[{"embeddable":true,"href":"https:\/\/xn--sba-ona.ee\/en\/wp-json\/wp\/v2\/users\/1"}],"replies":[{"embeddable":true,"href":"https:\/\/xn--sba-ona.ee\/en\/wp-json\/wp\/v2\/comments?post=4865"}],"version-history":[{"count":1,"href":"https:\/\/xn--sba-ona.ee\/en\/wp-json\/wp\/v2\/pages\/4865\/revisions"}],"predecessor-version":[{"id":4926,"href":"https:\/\/xn--sba-ona.ee\/en\/wp-json\/wp\/v2\/pages\/4865\/revisions\/4926"}],"wp:attachment":[{"href":"https:\/\/xn--sba-ona.ee\/en\/wp-json\/wp\/v2\/media?parent=4865"}],"curies":[{"name":"wp","href":"https:\/\/api.w.org\/{rel}","templated":true}]}}